{"id":296,"date":"2025-12-05T13:20:50","date_gmt":"2025-12-05T13:20:50","guid":{"rendered":"https:\/\/twm.gmbh\/?page_id=296"},"modified":"2026-01-03T15:36:40","modified_gmt":"2026-01-03T15:36:40","slug":"impressum","status":"publish","type":"page","link":"https:\/\/twm.gmbh\/?page_id=296","title":{"rendered":"Impressum"},"content":{"rendered":"\n<p class=\"has-small-font-size\"><strong>TWM GmbH<\/strong><br>Lucas- Cranach-Str. 14 A<br>68163 Mannheim <\/p>\n\n\n\n<p class=\"has-small-font-size\">Vertretungsberechtigte: Eva Kolb, Gesch\u00e4ftsf\u00fchrung<br>Betriebsnummer: 72294307<br>Umsatzsteuer-Identifikationsnummer: DE456485837<br>Eingetragen im Handelsregister B des Amtsgerichts Mannheim<br>unter der Nummer: HRB 754174<br>Zust\u00e4ndige Aufsichtsbeh\u00f6rde: Amtsgericht Mannheim, L2, 11-13, 68159 Mannheim<\/p>\n\n\n\n<p class=\"has-small-font-size\">Kontaktm\u00f6glichkeit <br>Telefon:\u00a0<a href=\"tel:0049-174-7448370\" target=\"_blank\" rel=\"noreferrer noopener\">0049-174-7448370<\/a><br>E-Mail: <a href=\"mailto:info@twm-service.de\">info@twm-service.de<\/a><br><br>Nach \u00a7 5 Digital-Dienste-Gesetze (DDG)<\/p>\n\n\n\n<p class=\"has-small-font-size\">\u00a9 Copyright TWM GmbH<br>S\u00e4mtliche Inhalte sind urheberrechtlich gesch\u00fctzt. Alle Rechte vorbehalten. Der Inhalt dieser Website darf weder w\u00f6rtlich noch sinngem\u00e4\u00df zu kommerziellen Zwecken kopiert, verbreitet, ver\u00e4ndert oder weiterverwendet werden.<\/p>\n\n\n\n<p class=\"has-small-font-size\"><strong>Haftungsausschluss:<\/strong><br><em>Haftung f\u00fcr Inhalte<br><\/em>Die Inhalte unserer Seiten wurden mit gr\u00f6\u00dfter Sorgfalt erstellt. F\u00fcr die Richtigkeit, Vollst\u00e4ndigkeit und Aktualit\u00e4t der Inhalte k\u00f6nnen wir jedoch keine Gew\u00e4hr \u00fcbernehmen. Als Dienstanbieter sind wir gem\u00e4\u00df \u00a7 7 Abs.1 TMG f\u00fcr eigene Inhalte auf diesen Seiten nach den allgemeinen Gesetzen verantwortlich. Nach \u00a7\u00a7 8 bis 10 TMG sind wir als Dienstanbieter jedoch nicht verpflichtet, \u00fcbermittelte oder gespeicherte fremde Informationen zu \u00fcberwachen oder nach Umst\u00e4nden zu forschen, die auf eine rechtswidrige T\u00e4tigkeit hinweisen. Verpflichtungen zur Entfernung oder Sperrung der Nutzung von Informationen nach den allgemeinen Gesetzen bleiben hiervon unber\u00fchrt. Eine diesbez\u00fcgliche Haftung ist jedoch erst ab dem Zeitpunkt der Kenntnis einer konkreten Rechtsverletzung m\u00f6glich. Bei Bekanntwerden von entsprechenden Rechtsverletzungen werden wir diese Inhalte umgehend entfernen.<br><br><em>Haftung f\u00fcr Link<\/em>s<br>Unser Angebot enth\u00e4lt Links zu externen Webseiten Dritter, auf deren Inhalte wir keinen Einfluss haben. Deshalb k\u00f6nnen wir f\u00fcr diese fremden Inhalte auch keine Gew\u00e4hr \u00fcbernehmen. F\u00fcr die Inhalte der verlinkten Seiten ist stets der jeweilige Anbieter oder Betreiber der Seiten verantwortlich. Die verlinkten Seiten wurden zum Zeitpunkt der Verlinkung auf m\u00f6gliche Rechtsverst\u00f6\u00dfe \u00fcberpr\u00fcft. Rechtswidrige Inhalte waren zum Zeitpunkt der Verlinkung nicht erkennbar. Eine permanente inhaltliche Kontrolle der verlinkten Seiten ist jedoch ohne konkrete Anhaltspunkte einer Rechtsverletzung nicht zumutbar. Bei Bekanntwerden von Rechtsverletzungen werden wir derartige Links umgehend entfernen.<br><br><em>Urheberrecht<\/em><br>Die durch die Seitenbetreiber erstellten Inhalte und Werke auf diesen Seiten unterliegen dem deutschen Urheberrecht. Die Vervielf\u00e4ltigung, Bearbeitung, Verbreitung und jede Art der Verwertung au\u00dferhalb der Grenzen des Urheberrechtes bed\u00fcrfen der schriftlichen Zustimmung des jeweiligen Autors bzw. Erstellers. Downloads und Kopien dieser Seite sind nur f\u00fcr den privaten, nicht kommerziellen Gebrauch gestattet. Soweit die Inhalte auf dieser Seite nicht vom Betreiber erstellt wurden, werden die Urheberrechte Dritter beachtet. Insbesondere werden Inhalte Dritter als solche gekennzeichnet. Sollten Sie trotzdem auf eine Urheberrechtsverletzung aufmerksam werden, bitten wir um einen entsprechenden Hinweis. Bei Bekanntwerden von Rechtsverletzungen werden wir derartige Inhalte umgehend entfernen.<br>Lizenzfreie Fotos von <a href=\"https:\/\/www.google.com\/url?sa=t&amp;source=web&amp;rct=j&amp;opi=89978449&amp;url=https:\/\/www.istockphoto.com\/de\/fotos\/getty-images&amp;ved=2ahUKEwi136HAqOqRAxWn3AIHHaqgAIgQFnoECCEQAQ&amp;usg=AOvVaw3-nGcLvqnJckpyBfJ_HiiM\" title=\"https:\/\/www.google.com\/url?sa=t&amp;source=web&amp;rct=j&amp;opi=89978449&amp;url=https:\/\/www.istockphoto.com\/de\/fotos\/getty-images&amp;ved=2ahUKEwi136HAqOqRAxWn3AIHHaqgAIgQFnoECCEQAQ&amp;usg=AOvVaw3-nGcLvqnJckpyBfJ_HiiM\">Istock<\/a> Getty Images wurden f\u00fcr diese Website erworben. <br><br><br><em>Datenschut<\/em>z<br>Die Nutzung unserer Webseite ist in der Regel ohne Angabe personenbezogener Daten m\u00f6glich. Soweit auf unseren Seiten personenbezogene Daten (beispielsweise Name, Anschrift oder\u00a0E-Mail-Adressen) erhoben werden, erfolgt dies, soweit m\u00f6glich, stets auf freiwilliger Basis. Diese Daten werden ohne Ihre ausdr\u00fcckliche Zustimmung nicht an Dritte weitergegeben.<\/p>\n\n\n\n<p class=\"has-small-font-size\">Wir weisen darauf hin, dass die Daten\u00fcbertragung im Internet (z.B. bei der Kommunikation per E-Mail) Sicherheitsl\u00fccken aufweisen kann. Ein l\u00fcckenloser Schutz der Daten vor dem Zugriff durch Dritte ist nicht m\u00f6glich.<br>Der Nutzung von im Rahmen der Impressumspflicht ver\u00f6ffentlichten Kontaktdaten durch Dritte zur \u00dcbersendung von nicht ausdr\u00fccklich angeforderter Werbung und Informationsmaterialien wird hiermit ausdr\u00fccklich widersprochen. Die Betreiber der Seiten behalten sich ausdr\u00fccklich rechtliche Schritte im Falle der unverlangten Zusendung von Werbeinformationen, etwa durch Spam-Mails, vor.<\/p>\n","protected":false},"excerpt":{"rendered":"<p>TWM GmbHLucas- Cranach-Str. 14 A68163 Mannheim Vertretungsberechtigte: Eva Kolb, Gesch\u00e4ftsf\u00fchrungBetriebsnummer: 72294307Umsatzsteuer-Identifikationsnummer: DE456485837Eingetragen im Handelsregister B des Amtsgerichts Mannheimunter der Nummer: HRB 754174Zust\u00e4ndige Aufsichtsbeh\u00f6rde: Amtsgericht Mannheim, L2, 11-13, 68159 Mannheim Kontaktm\u00f6glichkeit Telefon:\u00a00049-174-7448370E-Mail: info@twm-service.de Nach \u00a7 5 Digital-Dienste-Gesetze (DDG) \u00a9 Copyright TWM GmbHS\u00e4mtliche Inhalte sind urheberrechtlich gesch\u00fctzt. Alle Rechte vorbehalten. Der Inhalt dieser Website darf weder w\u00f6rtlich [&hellip;]<\/p>\n","protected":false},"author":1,"featured_media":464,"parent":0,"menu_order":7,"comment_status":"closed","ping_status":"closed","template":"","meta":{"om_disable_all_campaigns":false,"_monsterinsights_skip_tracking":false,"_monsterinsights_sitenote_active":false,"_monsterinsights_sitenote_note":"","_monsterinsights_sitenote_category":0,"footnotes":""},"class_list":["post-296","page","type-page","status-publish","has-post-thumbnail","hentry"],"aioseo_notices":[],"_links":{"self":[{"href":"https:\/\/twm.gmbh\/index.php?rest_route=\/wp\/v2\/pages\/296","targetHints":{"allow":["GET"]}}],"collection":[{"href":"https:\/\/twm.gmbh\/index.php?rest_route=\/wp\/v2\/pages"}],"about":[{"href":"https:\/\/twm.gmbh\/index.php?rest_route=\/wp\/v2\/types\/page"}],"author":[{"embeddable":true,"href":"https:\/\/twm.gmbh\/index.php?rest_route=\/wp\/v2\/users\/1"}],"replies":[{"embeddable":true,"href":"https:\/\/twm.gmbh\/index.php?rest_route=%2Fwp%2Fv2%2Fcomments&post=296"}],"version-history":[{"count":10,"href":"https:\/\/twm.gmbh\/index.php?rest_route=\/wp\/v2\/pages\/296\/revisions"}],"predecessor-version":[{"id":752,"href":"https:\/\/twm.gmbh\/index.php?rest_route=\/wp\/v2\/pages\/296\/revisions\/752"}],"wp:featuredmedia":[{"embeddable":true,"href":"https:\/\/twm.gmbh\/index.php?rest_route=\/wp\/v2\/media\/464"}],"wp:attachment":[{"href":"https:\/\/twm.gmbh\/index.php?rest_route=%2Fwp%2Fv2%2Fmedia&parent=296"}],"curies":[{"name":"wp","href":"https:\/\/api.w.org\/{rel}","templated":true}]}}