{"id":18,"date":"2025-12-14T02:47:53","date_gmt":"2025-12-14T02:47:53","guid":{"rendered":"https:\/\/twm.gmbh\/start\/"},"modified":"2026-01-02T15:24:47","modified_gmt":"2026-01-02T15:24:47","slug":"unser-service","status":"publish","type":"page","link":"https:\/\/twm.gmbh\/?page_id=18","title":{"rendered":"Unsere Serviceleistung"},"content":{"rendered":"\n<div class=\"wp-block-group alignfull has-background-background-color has-background has-global-padding is-layout-constrained wp-container-core-group-is-layout-7276a2bb wp-block-group-is-layout-constrained\" id=\"dienstleistungen\" style=\"border-top-width:1px;margin-top:0;margin-bottom:0;padding-top:var(--wp--preset--spacing--60);padding-right:var(--wp--preset--spacing--30);padding-bottom:var(--wp--preset--spacing--60);padding-left:var(--wp--preset--spacing--30)\">\n<div class=\"wp-block-group alignwide is-vertical is-layout-flex wp-container-core-group-is-layout-fe9cc265 wp-block-group-is-layout-flex\">\n<div class=\"wp-block-group alignwide has-global-padding is-content-justification-left is-layout-constrained wp-container-core-group-is-layout-8b4c372c wp-block-group-is-layout-constrained\">\n<h2 class=\"wp-block-heading alignwide\"><strong>Ihr Dienstleister f\u00fcr Gastronomie und Gewerbe<\/strong><\/h2>\n\n\n\n<p style=\"margin-top:16px\">Wir vermitteln Ihnen ma\u00dfgeschneiderte Einsatzkr\u00e4fte f\u00fcr Ihre individuellen Bed\u00fcrfnisse<\/p>\n<\/div>\n<\/div>\n\n\n\n<div class=\"wp-block-columns alignwide is-layout-flex wp-container-core-columns-is-layout-28f84493 wp-block-columns-is-layout-flex\">\n<div class=\"wp-block-column is-layout-flow wp-block-column-is-layout-flow\" style=\"border-width:1px;padding-top:var(--wp--preset--spacing--30);padding-right:var(--wp--preset--spacing--30);padding-bottom:var(--wp--preset--spacing--30);padding-left:var(--wp--preset--spacing--30)\">\n<h2 class=\"wp-block-heading is-style-default has-text-color has-link-color has-medium-font-size wp-elements-32d03d8e6a990c46050ad5d4e12325bc\" style=\"color:#216938;margin-top:8px;font-style:normal;font-weight:700\">Gastronomie<\/h2>\n\n\n\n<p class=\"is-style-default has-text-color has-link-color has-medium-font-size wp-elements-a37551625da20fef14f18daae6facbad\" style=\"color:#216938;margin-top:8px\"><strong><mark style=\"background-color:rgba(0, 0, 0, 0)\" class=\"has-inline-color has-contrast-color\">K\u00fcchenhilfen, Sp\u00fclkr\u00e4fte, Baristas und Servicepersonal unterst\u00fctzen Sie in Ihren Restaurants, Caf\u00e9s, Wirtsh\u00e4usern, Cateringunternehmen, Produktionshallen und Betriebskantinen.<\/mark><\/strong><\/p>\n\n\n\n<div class=\"alignnormal\"><div id=\"metaslider-id-307\" style=\"width: 100%;\" class=\"ml-slider-3-109-0 metaslider metaslider-flex metaslider-307 ml-slider has-dots-nav ms-theme-default-base\" role=\"region\" aria-label=\"New Slideshow\" data-height=\"500\" data-width=\"1000\">\n    <div id=\"metaslider_container_307\">\n        <div id=\"metaslider_307\">\n            <ul aria-live='off' class='slides'>\n                <li style=\"display: block; width: 100%;\" class=\"slide-329 ms-image \" aria-roledescription=\"slide\" data-date=\"2025-12-05 15:08:38\" data-filename=\"iStock-1217106934-scaled-1000x500.jpg\" data-slide-type=\"image\"><img loading=\"lazy\" decoding=\"async\" src=\"https:\/\/twm.gmbh\/wp-content\/uploads\/2025\/12\/iStock-1217106934-scaled-1000x500.jpg\" height=\"500\" width=\"1000\" alt=\"\" class=\"slider-307 slide-329 msDefaultImage\" title=\"Hands washing dirty dishes with running water in kitchen sink.\" \/><\/li>\n                <li style=\"display: none; width: 100%;\" class=\"slide-330 ms-image \" aria-roledescription=\"slide\" data-date=\"2025-12-05 15:08:39\" data-filename=\"iStock-1081422898-scaled-1000x500.jpg\" data-slide-type=\"image\"><img loading=\"lazy\" decoding=\"async\" src=\"https:\/\/twm.gmbh\/wp-content\/uploads\/2025\/12\/iStock-1081422898-scaled-1000x500.jpg\" height=\"500\" width=\"1000\" alt=\"\" class=\"slider-307 slide-330 msDefaultImage\" title=\"Pan fried duck.\" \/><\/li>\n                <li style=\"display: none; width: 100%;\" class=\"slide-333 ms-image \" aria-roledescription=\"slide\" data-date=\"2025-12-05 15:08:39\" data-filename=\"iStock-1044645782-scaled-1000x500.jpg\" data-slide-type=\"image\"><img loading=\"lazy\" decoding=\"async\" src=\"https:\/\/twm.gmbh\/wp-content\/uploads\/2025\/12\/iStock-1044645782-scaled-1000x500.jpg\" height=\"500\" width=\"1000\" alt=\"\" class=\"slider-307 slide-333 msDefaultImage\" title=\"Chef cook preparing vegetables in his kitchen\" \/><\/li>\n                <li style=\"display: none; width: 100%;\" class=\"slide-334 ms-image \" aria-roledescription=\"slide\" data-date=\"2025-12-05 15:08:39\" data-filename=\"iStock-959584318-scaled-1000x500.jpg\" data-slide-type=\"image\"><img loading=\"lazy\" decoding=\"async\" src=\"https:\/\/twm.gmbh\/wp-content\/uploads\/2025\/12\/iStock-959584318-scaled-1000x500.jpg\" height=\"500\" width=\"1000\" alt=\"\" class=\"slider-307 slide-334 msDefaultImage\" title=\"Making dinner into a masterpiece\" \/><\/li>\n                <li style=\"display: none; width: 100%;\" class=\"slide-544 ms-image \" aria-roledescription=\"slide\" data-date=\"2025-12-11 16:04:51\" data-filename=\"iStock-2174642860-scaled-1000x500.jpg\" data-slide-type=\"image\"><img loading=\"lazy\" decoding=\"async\" src=\"https:\/\/twm.gmbh\/wp-content\/uploads\/2025\/12\/iStock-2174642860-scaled-1000x500.jpg\" height=\"500\" width=\"1000\" alt=\"\" class=\"slider-307 slide-544 msDefaultImage\" title=\"Chef talking with student during cooking class at bakery kitchen\" \/><\/li>\n                <li style=\"display: none; width: 100%;\" class=\"slide-551 ms-image \" aria-roledescription=\"slide\" data-date=\"2025-12-11 16:12:41\" data-filename=\"iStock-1045880988-1000x500.jpeg\" data-slide-type=\"image\"><img loading=\"lazy\" decoding=\"async\" src=\"https:\/\/twm.gmbh\/wp-content\/uploads\/2025\/12\/iStock-1045880988-1000x500.jpeg\" height=\"500\" width=\"1000\" alt=\"\" class=\"slider-307 slide-551 msDefaultImage\" title=\"Coffee Art In Cup. Closeup Of Hands Making Latte Art\" \/><\/li>\n                <li style=\"display: none; width: 100%;\" class=\"slide-552 ms-image \" aria-roledescription=\"slide\" data-date=\"2025-12-11 16:12:41\" data-filename=\"iStock-1056074028-scaled-1000x500.jpeg\" data-slide-type=\"image\"><img loading=\"lazy\" decoding=\"async\" src=\"https:\/\/twm.gmbh\/wp-content\/uploads\/2025\/12\/iStock-1056074028-scaled-1000x500.jpeg\" height=\"500\" width=\"1000\" alt=\"\" class=\"slider-307 slide-552 msDefaultImage\" title=\"Waiter carrying plates with meat dish\" \/><\/li>\n            <\/ul>\n        <\/div>\n        \n    <\/div>\n<\/div><\/div>\n\n\n\n<ul class=\"wp-block-list\">\n<li class=\"is-style-default has-contrast-color has-text-color has-link-color has-medium-font-size wp-elements-0e095d2f5c0f9b56440394d5f64376d5\" style=\"margin-top:8px;font-style:normal;font-weight:600\">Servicekr\u00e4fte &amp; Kellner<\/li>\n\n\n\n<li class=\"is-style-default has-contrast-color has-text-color has-link-color has-medium-font-size wp-elements-893edc156c15de207dee380758d51490\" style=\"margin-top:8px;font-style:normal;font-weight:600\">Barista &amp; Barkeeper<\/li>\n\n\n\n<li class=\"is-style-default has-contrast-color has-text-color has-link-color has-medium-font-size wp-elements-524c8e980f3615e29bba9958bc1fdeb3\" style=\"margin-top:8px;font-style:normal;font-weight:600\">K\u00fcchenhilfen &amp; Beik\u00f6che<\/li>\n\n\n\n<li class=\"is-style-default has-contrast-color has-text-color has-link-color has-medium-font-size wp-elements-692b4d4a43ff1990d85aeb83c2d560d6\" style=\"margin-top:8px;font-style:normal;font-weight:600\">Runner &amp; Springer<\/li>\n\n\n\n<li class=\"is-style-default has-contrast-color has-text-color has-link-color has-medium-font-size wp-elements-4f4fadf80c222312ba2ab285ea866ee7\" style=\"margin-top:8px;font-style:normal;font-weight:600\">Sp\u00fclkr\u00e4fte<\/li>\n<\/ul>\n<\/div>\n\n\n\n<div class=\"wp-block-column is-layout-flow wp-block-column-is-layout-flow\" style=\"border-width:1px;padding-top:var(--wp--preset--spacing--30);padding-right:var(--wp--preset--spacing--30);padding-bottom:var(--wp--preset--spacing--30);padding-left:var(--wp--preset--spacing--30)\">\n<h2 class=\"wp-block-heading\" style=\"font-size:clamp(14px, 0.875rem + ((1vw - 3.2px) * 0.588), 20px);line-height:1.5\"><strong><mark style=\"background-color:rgba(0, 0, 0, 0);color:#285d20\" class=\"has-inline-color\">Gewerbe<\/mark><\/strong><\/h2>\n\n\n\n<p class=\"is-style-default has-text-color has-link-color has-medium-font-size wp-elements-6a02becf26da7f3346daf17c1e5a4cba\" style=\"color:#216938;margin-top:8px\"><strong><mark style=\"background-color:rgba(0, 0, 0, 0)\" class=\"has-inline-color has-contrast-color\">Reinigungskr\u00e4fte, Hauswirtschafter, Zimmerm\u00e4dchen, Fahrer, Logistiker, Kommission\u00e4re, G\u00e4rtner sowie Auf- und Abbauhilfen betreuen Ihre Hotels, Lagerhallen, Krankenh\u00e4user, Pflegeheime, Kinderg\u00e4rten, Schulen, Kitas und Anlagen.<\/mark><\/strong><\/p>\n\n\n\n<div class=\"alignnormal\"><div id=\"metaslider-id-342\" style=\"width: 100%;\" class=\"ml-slider-3-109-0 metaslider metaslider-flex metaslider-342 ml-slider has-dots-nav ms-theme-default-base\" role=\"region\" aria-label=\"New Slideshow\" data-height=\"500\" data-width=\"1000\">\n    <div id=\"metaslider_container_342\">\n        <div id=\"metaslider_342\">\n            <ul aria-live='off' class='slides'>\n                <li style=\"display: block; width: 100%;\" class=\"slide-344 ms-image \" aria-roledescription=\"slide\" data-date=\"2025-12-05 15:45:30\" data-filename=\"iStock-1194628093-2-scaled-1000x500.jpg\" data-slide-type=\"image\"><img loading=\"lazy\" decoding=\"async\" src=\"https:\/\/twm.gmbh\/wp-content\/uploads\/2025\/12\/iStock-1194628093-2-scaled-1000x500.jpg\" height=\"500\" width=\"1000\" alt=\"\" class=\"slider-342 slide-344 msDefaultImage\" title=\"Female Hand set up white bed sheet in bedroom\" \/><\/li>\n                <li style=\"display: none; width: 100%;\" class=\"slide-345 ms-image \" aria-roledescription=\"slide\" data-date=\"2025-12-05 15:46:48\" data-filename=\"iStock-1215470244-scaled-1000x500.jpg\" data-slide-type=\"image\"><img loading=\"lazy\" decoding=\"async\" src=\"https:\/\/twm.gmbh\/wp-content\/uploads\/2025\/12\/iStock-1215470244-scaled-1000x500.jpg\" height=\"500\" width=\"1000\" alt=\"\" class=\"slider-342 slide-345 msDefaultImage\" title=\"Close up of female hand using wet wipe and hand sanitizer spray to clean stainless steel staircase railing.Antiseptic,disinfection ,cleanliness and heathcare, anti virus concept.Anti bacterial and Corona virus (COVID-19).\" \/><\/li>\n                <li style=\"display: none; width: 100%;\" class=\"slide-346 ms-image \" aria-roledescription=\"slide\" data-date=\"2025-12-05 15:46:48\" data-filename=\"iStock-2148411310-1000x500.jpg\" data-slide-type=\"image\"><img loading=\"lazy\" decoding=\"async\" src=\"https:\/\/twm.gmbh\/wp-content\/uploads\/2025\/12\/iStock-2148411310-1000x500.jpg\" height=\"500\" width=\"1000\" alt=\"\" class=\"slider-342 slide-346 msDefaultImage\" title=\"Manager with a digital tablet on the background of van. Fleet and warehouse management\" \/><\/li>\n                <li style=\"display: none; width: 100%;\" class=\"slide-348 ms-image \" aria-roledescription=\"slide\" data-date=\"2025-12-05 15:46:48\" data-filename=\"iStock-1438033232-scaled-1000x500.jpg\" data-slide-type=\"image\"><img loading=\"lazy\" decoding=\"async\" src=\"https:\/\/twm.gmbh\/wp-content\/uploads\/2025\/12\/iStock-1438033232-scaled-1000x500.jpg\" height=\"500\" width=\"1000\" alt=\"\" class=\"slider-342 slide-348 msDefaultImage\" title=\"Group of workers working at a distribution warehouse\" \/><\/li>\n                <li style=\"display: none; width: 100%;\" class=\"slide-553 ms-image \" aria-roledescription=\"slide\" data-date=\"2025-12-11 16:15:53\" data-filename=\"Bild-15-612x306.jpeg\" data-slide-type=\"image\"><img loading=\"lazy\" decoding=\"async\" src=\"https:\/\/twm.gmbh\/wp-content\/uploads\/2025\/06\/Bild-15-612x306.jpeg\" height=\"500\" width=\"1000\" alt=\"\" class=\"slider-342 slide-553 msDefaultImage\" title=\"Bild 15\" \/><\/li>\n            <\/ul>\n        <\/div>\n        \n    <\/div>\n<\/div><\/div>\n\n\n\n<ul class=\"wp-block-list\">\n<li class=\"is-style-default has-contrast-color has-text-color has-link-color has-medium-font-size wp-elements-4b4dd0c6fbfb6206e19c1b98a58d7973\" style=\"margin-top:8px;font-style:normal;font-weight:600\">Reinigungskr\u00e4fte<\/li>\n\n\n\n<li class=\"is-style-default has-contrast-color has-text-color has-link-color has-medium-font-size wp-elements-cf6ce35255797d7b40f53114ec599eab\" style=\"margin-top:8px;font-style:normal;font-weight:600\">OP-Reinigung<\/li>\n\n\n\n<li class=\"is-style-default has-contrast-color has-text-color has-link-color has-medium-font-size wp-elements-7b90dc70eccaf0e28ec216c38c09c92f\" style=\"margin-top:8px;font-style:normal;font-weight:600\">Housekeeper &amp; Hauswirtschafter<\/li>\n\n\n\n<li class=\"is-style-default has-contrast-color has-text-color has-link-color has-medium-font-size wp-elements-0a955409b08d67f367da56f8aa8a04f5\" style=\"margin-top:8px;font-style:normal;font-weight:600\">Lagermitarbeiter<\/li>\n\n\n\n<li class=\"is-style-default has-contrast-color has-text-color has-link-color has-medium-font-size wp-elements-45c1f6698b1b0068132133456f9114bb\" style=\"margin-top:8px;font-style:normal;font-weight:600\">Logistiker &amp; Kommission\u00e4re<\/li>\n\n\n\n<li class=\"is-style-default has-contrast-color has-text-color has-link-color has-medium-font-size wp-elements-51917ebb1a69ef4d2840c91c343d1b48\" style=\"margin-top:8px;font-style:normal;font-weight:600\">Fahrer<\/li>\n\n\n\n<li class=\"is-style-default has-contrast-color has-text-color has-link-color has-medium-font-size wp-elements-70917e3985ba1f15b6bf17b1a4a7fb39\" style=\"margin-top:8px;font-style:normal;font-weight:600\">G\u00e4rtner<\/li>\n\n\n\n<li class=\"is-style-default has-contrast-color has-text-color has-link-color has-medium-font-size wp-elements-362c52eea4b58daa8870b4f95b1d413b\" style=\"margin-top:8px;font-style:normal;font-weight:600\">Auf- und Abbauhilfen<\/li>\n<\/ul>\n<\/div>\n\n\n\n<div class=\"wp-block-column is-layout-flow wp-block-column-is-layout-flow\" style=\"border-width:1px;padding-top:var(--wp--preset--spacing--30);padding-right:var(--wp--preset--spacing--30);padding-bottom:var(--wp--preset--spacing--30);padding-left:var(--wp--preset--spacing--30)\">\n<h2 class=\"wp-block-heading has-text-color has-link-color wp-elements-7ca4aa8c0d8caee70eb528192fc4414f\" style=\"color:#25822c;font-size:clamp(14px, 0.875rem + ((1vw - 3.2px) * 0.588), 20px);line-height:1.5\"><mark style=\"background-color:rgba(0, 0, 0, 0);color:#196228\" class=\"has-inline-color\"><strong>Kundenzufriedenheit und Qualit\u00e4tssicherung<\/strong><\/mark><\/h2>\n\n\n\n<p class=\"is-style-default has-contrast-color has-text-color has-link-color has-medium-font-size wp-elements-603d6acc09db556a58272c50a13a2184\" style=\"margin-top:8px\"><strong><mark style=\"background-color:rgba(0, 0, 0, 0)\" class=\"has-inline-color has-contrast-color\">Wir bieten Ihnen kurzfristige Bestellannahmen, engmaschige Betreuung, ma\u00dfgeschneiderte L\u00f6sungen, Sicherung von Vorgaben und Richtlinien zu einem vern\u00fcnftigen Preis.<\/mark><\/strong><\/p>\n\n\n\n<div class=\"alignnormal\"><div id=\"metaslider-id-470\" style=\"width: 100%;\" class=\"ml-slider-3-109-0 metaslider metaslider-flex metaslider-470 ml-slider has-dots-nav ms-theme-default-base\" role=\"region\" aria-label=\"New Slideshow\" data-height=\"500\" data-width=\"1000\">\n    <div id=\"metaslider_container_470\">\n        <div id=\"metaslider_470\">\n            <ul aria-live='off' class='slides'>\n                <li style=\"display: block; width: 100%;\" class=\"slide-484 ms-image \" aria-roledescription=\"slide\" data-date=\"2025-12-11 15:21:37\" data-filename=\"07bed0108d98521b0cdcf284cb200ffdf69298c7-1000x500.jpg\" data-slide-type=\"image\"><img loading=\"lazy\" decoding=\"async\" src=\"https:\/\/twm.gmbh\/wp-content\/uploads\/2025\/10\/07bed0108d98521b0cdcf284cb200ffdf69298c7-1000x500.jpg\" height=\"500\" width=\"1000\" alt=\"\" class=\"slider-470 slide-484 msDefaultImage\" title=\"07bed0108d98521b0cdcf284cb200ffdf69298c7\" \/><\/li>\n                <li style=\"display: none; width: 100%;\" class=\"slide-501 ms-image \" aria-roledescription=\"slide\" data-date=\"2025-12-11 15:27:43\" data-filename=\"desk-notebook-writing-work-hand-working-712313-pxhere-com-small-600x300.jpg\" data-slide-type=\"image\"><img loading=\"lazy\" decoding=\"async\" src=\"https:\/\/twm.gmbh\/wp-content\/uploads\/2025\/08\/desk-notebook-writing-work-hand-working-712313-pxhere-com-small-600x300.jpg\" height=\"500\" width=\"1000\" alt=\"\" class=\"slider-470 slide-501 msDefaultImage\" title=\"desk-notebook-writing-work-hand-working-712313-pxhere-com-small.jpg\" \/><\/li>\n                <li style=\"display: none; width: 100%;\" class=\"slide-554 ms-image \" aria-roledescription=\"slide\" data-date=\"2025-12-11 16:17:34\" data-filename=\"iStock-1440750455-1-scaled-1000x500.jpg\" data-slide-type=\"image\"><img loading=\"lazy\" decoding=\"async\" src=\"https:\/\/twm.gmbh\/wp-content\/uploads\/2025\/12\/iStock-1440750455-1-scaled-1000x500.jpg\" height=\"500\" width=\"1000\" alt=\"\" class=\"slider-470 slide-554 msDefaultImage\" title=\"Support, prayer and trust with people holding hands in counseling for mental health, wellness or teamwork. Worship, hope and community group therapy for help, solidarity or spiritual faith from above\" \/><\/li>\n                <li style=\"display: none; width: 100%;\" class=\"slide-555 ms-image \" aria-roledescription=\"slide\" data-date=\"2025-12-11 16:18:35\" data-filename=\"iStock-507751969-1000x500.jpg\" data-slide-type=\"image\"><img loading=\"lazy\" decoding=\"async\" src=\"https:\/\/twm.gmbh\/wp-content\/uploads\/2025\/12\/iStock-507751969-1000x500.jpg\" height=\"500\" width=\"1000\" alt=\"\" class=\"slider-470 slide-555 msDefaultImage\" title=\"Black work boots  on white background\" \/><\/li>\n                <li style=\"display: none; width: 100%;\" class=\"slide-560 ms-image \" aria-roledescription=\"slide\" data-date=\"2025-12-11 16:33:37\" data-filename=\"iStock-2241416208-1-scaled-1000x500.jpg\" data-slide-type=\"image\"><img loading=\"lazy\" decoding=\"async\" src=\"https:\/\/twm.gmbh\/wp-content\/uploads\/2025\/12\/iStock-2241416208-1-scaled-1000x500.jpg\" height=\"500\" width=\"1000\" alt=\"\" class=\"slider-470 slide-560 msDefaultImage\" title=\"Hygiene rubber seal stamp\" \/><\/li>\n                <li style=\"display: none; width: 100%;\" class=\"slide-563 ms-image \" aria-roledescription=\"slide\" data-date=\"2025-12-11 16:42:40\" data-filename=\"iStock-1132835140-1000x500.jpg\" data-slide-type=\"image\"><img loading=\"lazy\" decoding=\"async\" src=\"https:\/\/twm.gmbh\/wp-content\/uploads\/2025\/12\/iStock-1132835140-1000x500.jpg\" height=\"500\" width=\"1000\" alt=\"\" class=\"slider-470 slide-563 msDefaultImage\" title=\"Twenty Four Seven\" \/><\/li>\n                <li style=\"display: none; width: 100%;\" class=\"slide-574 ms-image \" aria-roledescription=\"slide\" data-date=\"2025-12-11 17:24:36\" data-filename=\"Bild-1-1-1000x500.jpeg\" data-slide-type=\"image\"><img loading=\"lazy\" decoding=\"async\" src=\"https:\/\/twm.gmbh\/wp-content\/uploads\/2025\/12\/Bild-1-1-1000x500.jpeg\" height=\"500\" width=\"1000\" alt=\"\" class=\"slider-470 slide-574 msDefaultImage\" title=\"Bild 1\" \/><\/li>\n            <\/ul>\n        <\/div>\n        \n    <\/div>\n<\/div><\/div>\n\n\n\n<ul class=\"wp-block-list\">\n<li class=\"is-style-default has-contrast-color has-text-color has-link-color has-medium-font-size wp-elements-a0a01a7ded58289192499a9f20a7f28d\" style=\"margin-top:8px;font-style:normal;font-weight:600\">Kurzfristige Bestellannahmen <\/li>\n\n\n\n<li class=\"is-style-default has-contrast-color has-text-color has-link-color has-medium-font-size wp-elements-415e484f16d341423f9a44634cf8eba1\" style=\"margin-top:8px;font-style:normal;font-weight:600\">Garantierte Lieferung binnen 24 Stunden<\/li>\n\n\n\n<li class=\"is-style-default has-contrast-color has-text-color has-link-color has-medium-font-size wp-elements-3a33e314a4aa583c3977b18f18d76d6c\" style=\"margin-top:8px;font-style:normal;font-weight:600\">Regelm\u00e4\u00dfige Hygiene- und Sicherheitsschulungen<\/li>\n\n\n\n<li class=\"is-style-default has-contrast-color has-text-color has-link-color has-medium-font-size wp-elements-e8c24ea864dda81ca2425e45795ee733\" style=\"margin-top:8px;font-style:normal;font-weight:600\">Ausstattung aller Einsatzkr\u00e4fte mit Gesundheitsbelehrung und Arbeitskleidung<\/li>\n\n\n\n<li class=\"is-style-default has-contrast-color has-text-color has-link-color has-medium-font-size wp-elements-671dfb2514b1945af95d80a38f4914fb\" style=\"margin-top:8px;font-style:normal;font-weight:600\">Individuelle und ma\u00dfgeschneiderte Angebote<\/li>\n<\/ul>\n<\/div>\n<\/div>\n<\/div>\n\n\n\n<p class=\"has-base-color has-text-color has-link-color has-x-large-font-size wp-elements-91fe4aa1e92bda2a29346da6cea0e2fe\"><strong><mark style=\"background-color:rgba(0, 0, 0, 0)\" class=\"has-inline-color has-contrast-color\">Damit Ihnen so etwas NICHT passiert!<\/mark><\/strong><\/p>\n\n\n\n<figure class=\"wp-block-image aligncenter size-large is-resized\"><img loading=\"lazy\" decoding=\"async\" width=\"1024\" height=\"749\" src=\"https:\/\/twm.gmbh\/wp-content\/uploads\/2025\/12\/iStock-1218079486-3-1024x749.png\" alt=\"\" class=\"wp-image-362\" style=\"aspect-ratio:1.3671742808798646;width:94px;height:auto\" srcset=\"https:\/\/twm.gmbh\/wp-content\/uploads\/2025\/12\/iStock-1218079486-3-1024x749.png 1024w, https:\/\/twm.gmbh\/wp-content\/uploads\/2025\/12\/iStock-1218079486-3-300x220.png 300w, https:\/\/twm.gmbh\/wp-content\/uploads\/2025\/12\/iStock-1218079486-3-768x562.png 768w, https:\/\/twm.gmbh\/wp-content\/uploads\/2025\/12\/iStock-1218079486-3-1536x1124.png 1536w, https:\/\/twm.gmbh\/wp-content\/uploads\/2025\/12\/iStock-1218079486-3.png 2024w\" sizes=\"auto, (max-width: 1024px) 100vw, 1024px\" \/><\/figure>\n\n\n\n<figure class=\"wp-block-image size-full is-resized\"><img loading=\"lazy\" decoding=\"async\" width=\"612\" height=\"408\" src=\"https:\/\/twm.gmbh\/wp-content\/uploads\/2025\/12\/Bild-11-1.jpg\" alt=\"\" class=\"wp-image-309\" style=\"aspect-ratio:1.5000234378662167;width:531px;height:auto\" srcset=\"https:\/\/twm.gmbh\/wp-content\/uploads\/2025\/12\/Bild-11-1.jpg 612w, https:\/\/twm.gmbh\/wp-content\/uploads\/2025\/12\/Bild-11-1-300x200.jpg 300w\" sizes=\"auto, (max-width: 612px) 100vw, 612px\" \/><\/figure>\n","protected":false},"excerpt":{"rendered":"<p>Ihr Dienstleister f\u00fcr Gastronomie und Gewerbe Wir vermitteln Ihnen ma\u00dfgeschneiderte Einsatzkr\u00e4fte f\u00fcr Ihre individuellen Bed\u00fcrfnisse Gastronomie K\u00fcchenhilfen, Sp\u00fclkr\u00e4fte, Baristas und Servicepersonal unterst\u00fctzen Sie in Ihren Restaurants, Caf\u00e9s, Wirtsh\u00e4usern, Cateringunternehmen, Produktionshallen und Betriebskantinen. Gewerbe Reinigungskr\u00e4fte, Hauswirtschafter, Zimmerm\u00e4dchen, Fahrer, Logistiker, Kommission\u00e4re, G\u00e4rtner sowie Auf- und Abbauhilfen betreuen Ihre Hotels, Lagerhallen, Krankenh\u00e4user, Pflegeheime, Kinderg\u00e4rten, Schulen, Kitas und Anlagen. [&hellip;]<\/p>\n","protected":false},"author":1,"featured_media":0,"parent":0,"menu_order":1,"comment_status":"closed","ping_status":"closed","template":"","meta":{"om_disable_all_campaigns":false,"_monsterinsights_skip_tracking":false,"_monsterinsights_sitenote_active":false,"_monsterinsights_sitenote_note":"","_monsterinsights_sitenote_category":0,"footnotes":""},"class_list":["post-18","page","type-page","status-publish","hentry"],"aioseo_notices":[],"_links":{"self":[{"href":"https:\/\/twm.gmbh\/index.php?rest_route=\/wp\/v2\/pages\/18","targetHints":{"allow":["GET"]}}],"collection":[{"href":"https:\/\/twm.gmbh\/index.php?rest_route=\/wp\/v2\/pages"}],"about":[{"href":"https:\/\/twm.gmbh\/index.php?rest_route=\/wp\/v2\/types\/page"}],"author":[{"embeddable":true,"href":"https:\/\/twm.gmbh\/index.php?rest_route=\/wp\/v2\/users\/1"}],"replies":[{"embeddable":true,"href":"https:\/\/twm.gmbh\/index.php?rest_route=%2Fwp%2Fv2%2Fcomments&post=18"}],"version-history":[{"count":39,"href":"https:\/\/twm.gmbh\/index.php?rest_route=\/wp\/v2\/pages\/18\/revisions"}],"predecessor-version":[{"id":749,"href":"https:\/\/twm.gmbh\/index.php?rest_route=\/wp\/v2\/pages\/18\/revisions\/749"}],"wp:attachment":[{"href":"https:\/\/twm.gmbh\/index.php?rest_route=%2Fwp%2Fv2%2Fmedia&parent=18"}],"curies":[{"name":"wp","href":"https:\/\/api.w.org\/{rel}","templated":true}]}}