{"id":13,"date":"2025-06-03T02:47:52","date_gmt":"2025-06-03T02:47:52","guid":{"rendered":"https:\/\/twm.gmbh\/kontakt\/"},"modified":"2026-01-03T15:37:17","modified_gmt":"2026-01-03T15:37:17","slug":"kontakt","status":"publish","type":"page","link":"https:\/\/twm.gmbh\/?page_id=13","title":{"rendered":"Kontakt"},"content":{"rendered":"\n<p>Ihr schnellster Weg zu uns: Nutzen Sie den <strong>WhatsApp-Button<\/strong> auf unserer Homepage, um sofort und unkompliziert mit uns in Verbindung zu treten.<\/p>\n\n\n\n<p>Selbstverst\u00e4ndlich k\u00f6nnen Sie uns auch eine E-Mail schreiben und einen telefonischen Gespr\u00e4chstermin vereinbaren.<\/p>\n\n\n\n<h2 class=\"wp-block-heading has-text-align-center\">TWM GmbH<\/h2>\n\n\n\n<p class=\"has-text-align-center\"><strong> Lucas-Cranach-Stra\u00dfe 14a<\/strong><\/p>\n\n\n\n<p class=\"has-text-align-center\" style=\"margin-top:0;margin-bottom:0\"><strong>68163 Mannheim<\/strong><\/p>\n\n\n\n<p class=\"has-text-align-center has-medium-font-size\" style=\"margin-top:8px\">Telefon:\u00a00049-174-7448370<br>E-Mail: <a href=\"mailto:info@twm-service.de\" title=\"info@twm-service.de\">info@twm-service.de<\/a><br>Website: <a href=\"http:\/\/www.twm.gmbh\" title=\"www.twm.gmbh\">www.twm.gmbh<\/a><\/p>\n\n\n\n<p><\/p>\n","protected":false},"excerpt":{"rendered":"<p>Ihr schnellster Weg zu uns: Nutzen Sie den WhatsApp-Button auf unserer Homepage, um sofort und unkompliziert mit uns in Verbindung zu treten. Selbstverst\u00e4ndlich k\u00f6nnen Sie uns auch eine E-Mail schreiben und einen telefonischen Gespr\u00e4chstermin vereinbaren. TWM GmbH Lucas-Cranach-Stra\u00dfe 14a 68163 Mannheim Telefon:\u00a00049-174-7448370E-Mail: info@twm-service.deWebsite: www.twm.gmbh<\/p>\n","protected":false},"author":1,"featured_media":209,"parent":0,"menu_order":6,"comment_status":"closed","ping_status":"closed","template":"","meta":{"om_disable_all_campaigns":false,"_monsterinsights_skip_tracking":false,"_monsterinsights_sitenote_active":false,"_monsterinsights_sitenote_note":"","_monsterinsights_sitenote_category":0,"footnotes":""},"class_list":["post-13","page","type-page","status-publish","has-post-thumbnail","hentry"],"aioseo_notices":[],"_links":{"self":[{"href":"https:\/\/twm.gmbh\/index.php?rest_route=\/wp\/v2\/pages\/13","targetHints":{"allow":["GET"]}}],"collection":[{"href":"https:\/\/twm.gmbh\/index.php?rest_route=\/wp\/v2\/pages"}],"about":[{"href":"https:\/\/twm.gmbh\/index.php?rest_route=\/wp\/v2\/types\/page"}],"author":[{"embeddable":true,"href":"https:\/\/twm.gmbh\/index.php?rest_route=\/wp\/v2\/users\/1"}],"replies":[{"embeddable":true,"href":"https:\/\/twm.gmbh\/index.php?rest_route=%2Fwp%2Fv2%2Fcomments&post=13"}],"version-history":[{"count":14,"href":"https:\/\/twm.gmbh\/index.php?rest_route=\/wp\/v2\/pages\/13\/revisions"}],"predecessor-version":[{"id":753,"href":"https:\/\/twm.gmbh\/index.php?rest_route=\/wp\/v2\/pages\/13\/revisions\/753"}],"wp:featuredmedia":[{"embeddable":true,"href":"https:\/\/twm.gmbh\/index.php?rest_route=\/wp\/v2\/media\/209"}],"wp:attachment":[{"href":"https:\/\/twm.gmbh\/index.php?rest_route=%2Fwp%2Fv2%2Fmedia&parent=13"}],"curies":[{"name":"wp","href":"https:\/\/api.w.org\/{rel}","templated":true}]}}