{"id":120,"date":"2025-10-12T15:00:12","date_gmt":"2025-10-12T15:00:12","guid":{"rendered":"https:\/\/twm.gmbh\/silverstorm\/"},"modified":"2026-01-01T13:37:30","modified_gmt":"2026-01-01T13:37:30","slug":"silverstorm","status":"publish","type":"page","link":"https:\/\/twm.gmbh\/?page_id=120","title":{"rendered":"\u00dcber uns"},"content":{"rendered":"\n<div class=\"wp-block-media-text is-stacked-on-mobile\"><figure class=\"wp-block-media-text__media\"><img loading=\"lazy\" decoding=\"async\" width=\"1024\" height=\"607\" src=\"https:\/\/twm.gmbh\/wp-content\/uploads\/2025\/11\/IMG_0166-1024x607.jpeg\" alt=\"\" class=\"wp-image-236 size-full\" srcset=\"https:\/\/twm.gmbh\/wp-content\/uploads\/2025\/11\/IMG_0166-1024x607.jpeg 1024w, https:\/\/twm.gmbh\/wp-content\/uploads\/2025\/11\/IMG_0166-300x178.jpeg 300w, https:\/\/twm.gmbh\/wp-content\/uploads\/2025\/11\/IMG_0166-768x455.jpeg 768w, https:\/\/twm.gmbh\/wp-content\/uploads\/2025\/11\/IMG_0166-1536x910.jpeg 1536w, https:\/\/twm.gmbh\/wp-content\/uploads\/2025\/11\/IMG_0166-2048x1214.jpeg 2048w\" sizes=\"auto, (max-width: 1024px) 100vw, 1024px\" \/><\/figure><div class=\"wp-block-media-text__content\">\n<p>Aus der Textwerkstatt M\u00fcnchen<\/p>\n<\/div><\/div>\n\n\n\n<div class=\"wp-block-media-text is-stacked-on-mobile\"><figure class=\"wp-block-media-text__media\"><img decoding=\"async\" src=\"https:\/\/twm.gmbh\/wp-content\/uploads\/2025\/06\/9687845f-e707-46b0-a825-9df25d5080b6-Edited.jpeg\" alt=\"\" class=\"wp-image-52 size-full\"\/><\/figure><div class=\"wp-block-media-text__content\">\n<p>wurde die TWM GmbH<\/p>\n<\/div><\/div>\n\n\n\n<p>Die Textwerkstatt M\u00fcnchen entstand 2011 als reines Instrument des Schreibens, um Menschen mit Schrifts\u00e4tzen jeglicher Art Geh\u00f6r zu verschaffen.<\/p>\n\n\n\n<p>Im Zuge der Corona Pandemie wurde es auch f\u00fcr die Textwerkstatt M\u00fcnchen erforderlich, \u00fcber den Tellerrand hinauszuschauen und das eigene T\u00e4tigkeitsfeld zu erweitern. Seit Ende 2022 bot die Textwerkstatt M\u00fcnchen daher auch umfangreiche Dienstleistungen im Bereich Service, K\u00fcche, Reinigung, Gastronomie und Hotellerie an. Einsatzgebiete fanden sich in Restaurants, Hotels, Firmen- und Schulkantinen, Krankenh\u00e4usern, Caf\u00e9s, sowie auf Messen und Veranstaltungen.\u00a0<\/p>\n\n\n\n<p>Auf diese Weise pr\u00e4sentierte sich die Textwerkstatt M\u00fcnchen nicht nur als Schreib-Cham\u00e4leon, sondern stellte ihre Wandlungs- und Anpassungsf\u00e4higkeit auch als Dienstleister unter Beweis.<\/p>\n\n\n\n<p>Mit einem wachsenden Kunden- und Mitarbeiterstamm, entschied sich die Textwerkstatt M\u00fcnchen f\u00fcr eine reine Weiterentwicklung im Dienstleistungssektor. Somit wurde im Zuge der Umfirmierung 2025 die TWM GmbH gegr\u00fcndet, die als Dienstleister f\u00fcr Gastronomie und Gewerbe nun t\u00e4glich, w\u00f6chentlich und monatlich Einsatzkr\u00e4fte zur Verf\u00fcgung stellt. <\/p>\n","protected":false},"excerpt":{"rendered":"<p>Aus der Textwerkstatt M\u00fcnchen wurde die TWM GmbH Die Textwerkstatt M\u00fcnchen entstand 2011 als reines Instrument des Schreibens, um Menschen mit Schrifts\u00e4tzen jeglicher Art Geh\u00f6r zu verschaffen. Im Zuge der Corona Pandemie wurde es auch f\u00fcr die Textwerkstatt M\u00fcnchen erforderlich, \u00fcber den Tellerrand hinauszuschauen und das eigene T\u00e4tigkeitsfeld zu erweitern. Seit Ende 2022 bot die [&hellip;]<\/p>\n","protected":false},"author":1,"featured_media":0,"parent":0,"menu_order":2,"comment_status":"closed","ping_status":"closed","template":"","meta":{"om_disable_all_campaigns":false,"_monsterinsights_skip_tracking":false,"_monsterinsights_sitenote_active":false,"_monsterinsights_sitenote_note":"","_monsterinsights_sitenote_category":0,"footnotes":""},"class_list":["post-120","page","type-page","status-publish","hentry"],"aioseo_notices":[],"_links":{"self":[{"href":"https:\/\/twm.gmbh\/index.php?rest_route=\/wp\/v2\/pages\/120","targetHints":{"allow":["GET"]}}],"collection":[{"href":"https:\/\/twm.gmbh\/index.php?rest_route=\/wp\/v2\/pages"}],"about":[{"href":"https:\/\/twm.gmbh\/index.php?rest_route=\/wp\/v2\/types\/page"}],"author":[{"embeddable":true,"href":"https:\/\/twm.gmbh\/index.php?rest_route=\/wp\/v2\/users\/1"}],"replies":[{"embeddable":true,"href":"https:\/\/twm.gmbh\/index.php?rest_route=%2Fwp%2Fv2%2Fcomments&post=120"}],"version-history":[{"count":17,"href":"https:\/\/twm.gmbh\/index.php?rest_route=\/wp\/v2\/pages\/120\/revisions"}],"predecessor-version":[{"id":735,"href":"https:\/\/twm.gmbh\/index.php?rest_route=\/wp\/v2\/pages\/120\/revisions\/735"}],"wp:attachment":[{"href":"https:\/\/twm.gmbh\/index.php?rest_route=%2Fwp%2Fv2%2Fmedia&parent=120"}],"curies":[{"name":"wp","href":"https:\/\/api.w.org\/{rel}","templated":true}]}}